{"id":4589,"date":"2025-10-28T13:47:49","date_gmt":"2025-10-28T13:47:49","guid":{"rendered":"https:\/\/dte.utalca.cl\/?page_id=4589"},"modified":"2026-03-02T13:12:48","modified_gmt":"2026-03-02T13:12:48","slug":"experiencias-virtuales","status":"publish","type":"page","link":"https:\/\/dte.utalca.cl\/index.php\/apptu\/experiencias-virtuales\/","title":{"rendered":"Experiencias Virtuales"},"content":{"rendered":"\t\t<div data-elementor-type=\"wp-page\" data-elementor-id=\"4589\" class=\"elementor elementor-4589\">\n\t\t\t\t\t\t\t\t\t<section class=\"elementor-section elementor-top-section elementor-element elementor-element-d061fa1 elementor-section-boxed elementor-section-height-default elementor-section-height-default\" data-id=\"d061fa1\" data-element_type=\"section\">\n\t\t\t\t\t\t<div class=\"elementor-container elementor-column-gap-default\">\n\t\t\t\t\t<div class=\"elementor-column elementor-col-100 elementor-top-column elementor-element elementor-element-3ab40bd\" data-id=\"3ab40bd\" data-element_type=\"column\">\n\t\t\t<div class=\"elementor-widget-wrap elementor-element-populated\">\n\t\t\t\t\t\t\t\t<div class=\"elementor-element elementor-element-afdeb80 elementor-widget elementor-widget-heading\" data-id=\"afdeb80\" data-element_type=\"widget\" data-widget_type=\"heading.default\">\n\t\t\t\t<div class=\"elementor-widget-container\">\n\t\t\t<style>\/*! elementor - v3.8.1 - 13-11-2022 *\/\n.elementor-heading-title{padding:0;margin:0;line-height:1}.elementor-widget-heading .elementor-heading-title[class*=elementor-size-]>a{color:inherit;font-size:inherit;line-height:inherit}.elementor-widget-heading .elementor-heading-title.elementor-size-small{font-size:15px}.elementor-widget-heading .elementor-heading-title.elementor-size-medium{font-size:19px}.elementor-widget-heading .elementor-heading-title.elementor-size-large{font-size:29px}.elementor-widget-heading .elementor-heading-title.elementor-size-xl{font-size:39px}.elementor-widget-heading .elementor-heading-title.elementor-size-xxl{font-size:59px}<\/style><h2 class=\"elementor-heading-title elementor-size-default\">Experiencias virtuales<\/h2>\t\t<\/div>\n\t\t\t\t<\/div>\n\t\t\t\t\t<\/div>\n\t\t<\/div>\n\t\t\t\t\t\t\t<\/div>\n\t\t<\/section>\n\t\t\t\t<section class=\"elementor-section elementor-top-section elementor-element elementor-element-41bb716 elementor-section-full_width elementor-section-height-default elementor-section-height-default\" data-id=\"41bb716\" data-element_type=\"section\">\n\t\t\t\t\t\t<div class=\"elementor-container elementor-column-gap-default\">\n\t\t\t\t\t<div class=\"elementor-column elementor-col-100 elementor-top-column elementor-element elementor-element-e7f9d8f\" data-id=\"e7f9d8f\" data-element_type=\"column\">\n\t\t\t<div class=\"elementor-widget-wrap elementor-element-populated\">\n\t\t\t\t\t\t\t\t<div class=\"elementor-element elementor-element-7f955ac elementor-widget elementor-widget-text-editor\" data-id=\"7f955ac\" data-element_type=\"widget\" data-widget_type=\"text-editor.default\">\n\t\t\t\t<div class=\"elementor-widget-container\">\n\t\t\t<style>\/*! elementor - v3.8.1 - 13-11-2022 *\/\n.elementor-widget-text-editor.elementor-drop-cap-view-stacked .elementor-drop-cap{background-color:#818a91;color:#fff}.elementor-widget-text-editor.elementor-drop-cap-view-framed .elementor-drop-cap{color:#818a91;border:3px solid;background-color:transparent}.elementor-widget-text-editor:not(.elementor-drop-cap-view-default) .elementor-drop-cap{margin-top:8px}.elementor-widget-text-editor:not(.elementor-drop-cap-view-default) .elementor-drop-cap-letter{width:1em;height:1em}.elementor-widget-text-editor .elementor-drop-cap{float:left;text-align:center;line-height:1;font-size:50px}.elementor-widget-text-editor .elementor-drop-cap-letter{display:inline-block}<\/style>\t\t\t\t<p>Una Experiencia Virtual se refiere a la interacci\u00f3n con un Entorno Virtual (VE), que es un sistema que permite a una persona interactuar en un ambiente simulado. Este entorno lo podemos reconocer como un sistema de informaci\u00f3n que reproduce escenas y\/o im\u00e1genes de objetos, ofreciendo la sensaci\u00f3n de su existencia real lo cual conocemos tambi\u00e9n como Realidad Virtual (RV o VR). La Realidad Virtual es la suma de hardware y software dise\u00f1ados para perfeccionar una ilusi\u00f3n completa o parcial de estar presente en otro entorno (VE).<\/p>\t\t\t\t\t\t<\/div>\n\t\t\t\t<\/div>\n\t\t\t\t\t<\/div>\n\t\t<\/div>\n\t\t\t\t\t\t\t<\/div>\n\t\t<\/section>\n\t\t\t\t<section class=\"elementor-section elementor-top-section elementor-element elementor-element-d0f3f0e elementor-section-boxed elementor-section-height-default elementor-section-height-default\" data-id=\"d0f3f0e\" data-element_type=\"section\">\n\t\t\t\t\t\t<div class=\"elementor-container elementor-column-gap-default\">\n\t\t\t\t\t<div class=\"elementor-column elementor-col-100 elementor-top-column elementor-element elementor-element-8a67cd0\" data-id=\"8a67cd0\" data-element_type=\"column\">\n\t\t\t<div class=\"elementor-widget-wrap elementor-element-populated\">\n\t\t\t\t\t\t\t\t<div class=\"elementor-element elementor-element-441bd7f elementor-widget elementor-widget-heading\" data-id=\"441bd7f\" data-element_type=\"widget\" data-widget_type=\"heading.default\">\n\t\t\t\t<div class=\"elementor-widget-container\">\n\t\t\t<h3 class=\"elementor-heading-title elementor-size-default\">Marco de acci\u00f3n en la educaci\u00f3n<\/h3>\t\t<\/div>\n\t\t\t\t<\/div>\n\t\t\t\t\t<\/div>\n\t\t<\/div>\n\t\t\t\t\t\t\t<\/div>\n\t\t<\/section>\n\t\t\t\t<section class=\"elementor-section elementor-top-section elementor-element elementor-element-e644259 elementor-section-boxed elementor-section-height-default elementor-section-height-default\" data-id=\"e644259\" data-element_type=\"section\">\n\t\t\t\t\t\t<div class=\"elementor-container elementor-column-gap-default\">\n\t\t\t\t\t<div class=\"elementor-column elementor-col-100 elementor-top-column elementor-element elementor-element-58142c8\" data-id=\"58142c8\" data-element_type=\"column\">\n\t\t\t<div class=\"elementor-widget-wrap elementor-element-populated\">\n\t\t\t\t\t\t\t\t<div class=\"elementor-element elementor-element-1e5b6bd elementor-widget elementor-widget-text-editor\" data-id=\"1e5b6bd\" data-element_type=\"widget\" data-widget_type=\"text-editor.default\">\n\t\t\t\t<div class=\"elementor-widget-container\">\n\t\t\t\t\t\t\t<ul><li><strong>Entrenamiento y Adquisici\u00f3n de Habilidades:<\/strong> Permite internalizar procedimientos y adquirir conocimientos procedimentales o pr\u00e1cticos.<\/li><li><strong>Aprendizaje Situado y Experiencial:<\/strong> Facilita el aprendizaje mediante la experiencia (&#8220;learning by doing&#8221;) al crear escenarios que ser\u00edan peligrosos, costosos o log\u00edsticamente imposibles de replicar en un contexto real.<\/li><li><strong>Comprensi\u00f3n de Conceptos Abstractos:<\/strong> Visualizar y manipular conceptos te\u00f3ricos o estructuras complejas en diversos campos que requieren habilidades espaciales.<\/li><li><strong>Motivaci\u00f3n y Participaci\u00f3n:<\/strong> Las aplicaciones de RV fomentan el compromiso activo, la exploraci\u00f3n, la manipulaci\u00f3n y la representaci\u00f3n de ideas, aumentando la motivaci\u00f3n y la curiosidad.<\/li><\/ul>\t\t\t\t\t\t<\/div>\n\t\t\t\t<\/div>\n\t\t\t\t\t<\/div>\n\t\t<\/div>\n\t\t\t\t\t\t\t<\/div>\n\t\t<\/section>\n\t\t\t\t<section class=\"elementor-section elementor-top-section elementor-element elementor-element-e83b847 elementor-section-boxed elementor-section-height-default elementor-section-height-default\" data-id=\"e83b847\" data-element_type=\"section\">\n\t\t\t\t\t\t<div class=\"elementor-container elementor-column-gap-default\">\n\t\t\t\t\t<div class=\"elementor-column elementor-col-100 elementor-top-column elementor-element elementor-element-9529f62\" data-id=\"9529f62\" data-element_type=\"column\">\n\t\t\t<div class=\"elementor-widget-wrap elementor-element-populated\">\n\t\t\t\t\t\t\t\t<div class=\"elementor-element elementor-element-20ff9c3 elementor-widget elementor-widget-heading\" data-id=\"20ff9c3\" data-element_type=\"widget\" data-widget_type=\"heading.default\">\n\t\t\t\t<div class=\"elementor-widget-container\">\n\t\t\t<h3 class=\"elementor-heading-title elementor-size-default\">Tipos de experencias virtuales<\/h3>\t\t<\/div>\n\t\t\t\t<\/div>\n\t\t\t\t\t<\/div>\n\t\t<\/div>\n\t\t\t\t\t\t\t<\/div>\n\t\t<\/section>\n\t\t\t\t<section class=\"elementor-section elementor-top-section elementor-element elementor-element-488640f elementor-section-boxed elementor-section-height-default elementor-section-height-default\" data-id=\"488640f\" data-element_type=\"section\">\n\t\t\t\t\t\t<div class=\"elementor-container elementor-column-gap-default\">\n\t\t\t\t\t<div class=\"elementor-column elementor-col-100 elementor-top-column elementor-element elementor-element-56e19f3\" data-id=\"56e19f3\" data-element_type=\"column\">\n\t\t\t<div class=\"elementor-widget-wrap elementor-element-populated\">\n\t\t\t\t\t\t\t\t<div class=\"elementor-element elementor-element-6e9d98d elementor-widget elementor-widget-text-editor\" data-id=\"6e9d98d\" data-element_type=\"widget\" data-widget_type=\"text-editor.default\">\n\t\t\t\t<div class=\"elementor-widget-container\">\n\t\t\t\t\t\t\t<table><tbody><tr><td><p><strong>Tipo de Experiencia<\/strong><\/p><\/td><td><p><strong>Descripci\u00f3n<\/strong><\/p><\/td><\/tr><tr><td><p><strong>Realidad Virtual (RV)<\/strong><\/p><\/td><td><p>Sumersi\u00f3n total en un entorno digital, a menudo a trav\u00e9s de visores montados en la cabeza (HMD).<\/p><\/td><\/tr><tr><td><p><strong>Realidad Aumentada (RA)<\/strong><\/p><\/td><td><p>Superposici\u00f3n de contenido digital (modelos 3D, informaci\u00f3n) sobre el mundo real, sin aislar al usuario.<\/p><\/td><\/tr><tr><td><p><strong>Realidad Mixta (RM)<\/strong><\/p><\/td><td><p>Fusi\u00f3n de entornos reales y virtuales donde objetos f\u00edsicos y digitales coexisten e interact\u00faan en tiempo real.<\/p><\/td><\/tr><\/tbody><\/table><p>\u00a0<\/p>\t\t\t\t\t\t<\/div>\n\t\t\t\t<\/div>\n\t\t\t\t\t<\/div>\n\t\t<\/div>\n\t\t\t\t\t\t\t<\/div>\n\t\t<\/section>\n\t\t\t\t<section class=\"elementor-section elementor-top-section elementor-element elementor-element-d9edfd2 elementor-section-boxed elementor-section-height-default elementor-section-height-default\" data-id=\"d9edfd2\" data-element_type=\"section\">\n\t\t\t\t\t\t<div class=\"elementor-container elementor-column-gap-default\">\n\t\t\t\t\t<div class=\"elementor-column elementor-col-100 elementor-top-column elementor-element elementor-element-c9b23c8\" data-id=\"c9b23c8\" data-element_type=\"column\">\n\t\t\t<div class=\"elementor-widget-wrap elementor-element-populated\">\n\t\t\t\t\t\t\t\t<div class=\"elementor-element elementor-element-d2cd7db elementor-widget elementor-widget-heading\" data-id=\"d2cd7db\" data-element_type=\"widget\" data-widget_type=\"heading.default\">\n\t\t\t\t<div class=\"elementor-widget-container\">\n\t\t\t<h3 class=\"elementor-heading-title elementor-size-default\">Tipos de recursos virtuales que se exploran en la instituci\u00f3n<\/h3>\t\t<\/div>\n\t\t\t\t<\/div>\n\t\t\t\t\t<\/div>\n\t\t<\/div>\n\t\t\t\t\t\t\t<\/div>\n\t\t<\/section>\n\t\t\t\t<section class=\"elementor-section elementor-top-section elementor-element elementor-element-ec2ab97 elementor-section-boxed elementor-section-height-default elementor-section-height-default\" data-id=\"ec2ab97\" data-element_type=\"section\">\n\t\t\t\t\t\t<div class=\"elementor-container elementor-column-gap-default\">\n\t\t\t\t\t<div class=\"elementor-column elementor-col-100 elementor-top-column elementor-element elementor-element-b6936ec\" data-id=\"b6936ec\" data-element_type=\"column\">\n\t\t\t<div class=\"elementor-widget-wrap elementor-element-populated\">\n\t\t\t\t\t\t\t\t<div class=\"elementor-element elementor-element-55adb20 elementor-widget elementor-widget-text-editor\" data-id=\"55adb20\" data-element_type=\"widget\" data-widget_type=\"text-editor.default\">\n\t\t\t\t<div class=\"elementor-widget-container\">\n\t\t\t\t\t\t\t<p>La instituci\u00f3n actualmente explora diferentes modalidades de recursos virtuales asociados a experiencias virtuales para los procesos de ense\u00f1anza y aprendizaje de los cuales contamos algunas caracter\u00edsticas:<\/p>\t\t\t\t\t\t<\/div>\n\t\t\t\t<\/div>\n\t\t\t\t\t<\/div>\n\t\t<\/div>\n\t\t\t\t\t\t\t<\/div>\n\t\t<\/section>\n\t\t\t\t<section class=\"elementor-section elementor-top-section elementor-element elementor-element-51a5043 elementor-section-boxed elementor-section-height-default elementor-section-height-default\" data-id=\"51a5043\" data-element_type=\"section\">\n\t\t\t\t\t\t<div class=\"elementor-container elementor-column-gap-default\">\n\t\t\t\t\t<div class=\"elementor-column elementor-col-100 elementor-top-column elementor-element elementor-element-be15a05\" data-id=\"be15a05\" data-element_type=\"column\">\n\t\t\t<div class=\"elementor-widget-wrap elementor-element-populated\">\n\t\t\t\t\t\t\t\t<div class=\"elementor-element elementor-element-fa8f79b elementor-widget elementor-widget-heading\" data-id=\"fa8f79b\" data-element_type=\"widget\" data-widget_type=\"heading.default\">\n\t\t\t\t<div class=\"elementor-widget-container\">\n\t\t\t<h4 class=\"elementor-heading-title elementor-size-default\">Tour 360\u00b0<\/h4>\t\t<\/div>\n\t\t\t\t<\/div>\n\t\t\t\t\t<\/div>\n\t\t<\/div>\n\t\t\t\t\t\t\t<\/div>\n\t\t<\/section>\n\t\t\t\t<section class=\"elementor-section elementor-top-section elementor-element elementor-element-8a02633 elementor-section-boxed elementor-section-height-default elementor-section-height-default\" data-id=\"8a02633\" data-element_type=\"section\">\n\t\t\t\t\t\t<div class=\"elementor-container elementor-column-gap-default\">\n\t\t\t\t\t<div class=\"elementor-column elementor-col-100 elementor-top-column elementor-element elementor-element-b7d0283\" data-id=\"b7d0283\" data-element_type=\"column\">\n\t\t\t<div class=\"elementor-widget-wrap elementor-element-populated\">\n\t\t\t\t\t\t\t\t<div class=\"elementor-element elementor-element-e80da22 elementor-widget elementor-widget-text-editor\" data-id=\"e80da22\" data-element_type=\"widget\" data-widget_type=\"text-editor.default\">\n\t\t\t\t<div class=\"elementor-widget-container\">\n\t\t\t\t\t\t\t<p>\u00a0<\/p><p><img decoding=\"async\" loading=\"lazy\" class=\"alignnone size-large wp-image-4704\" src=\"https:\/\/dte.utalca.cl\/wp-content\/uploads\/2026\/01\/Image_fx_tour360-1024x576.jpg\" alt=\"Tour 360\" width=\"1024\" height=\"576\" srcset=\"https:\/\/dte.utalca.cl\/wp-content\/uploads\/2026\/01\/Image_fx_tour360-1024x576.jpg 1024w, https:\/\/dte.utalca.cl\/wp-content\/uploads\/2026\/01\/Image_fx_tour360-300x169.jpg 300w, https:\/\/dte.utalca.cl\/wp-content\/uploads\/2026\/01\/Image_fx_tour360-768x432.jpg 768w, https:\/\/dte.utalca.cl\/wp-content\/uploads\/2026\/01\/Image_fx_tour360-1000x563.jpg 1000w, https:\/\/dte.utalca.cl\/wp-content\/uploads\/2026\/01\/Image_fx_tour360-230x129.jpg 230w, https:\/\/dte.utalca.cl\/wp-content\/uploads\/2026\/01\/Image_fx_tour360-350x197.jpg 350w, https:\/\/dte.utalca.cl\/wp-content\/uploads\/2026\/01\/Image_fx_tour360-480x270.jpg 480w, https:\/\/dte.utalca.cl\/wp-content\/uploads\/2026\/01\/Image_fx_tour360.jpg 1365w\" sizes=\"(max-width: 1024px) 100vw, 1024px\" \/><\/p><table><tbody><tr><td><strong>Criterio<\/strong><\/td><td><strong>Contenido y Comentario<\/strong><\/td><\/tr><tr><td><strong>\u00bfDe qu\u00e9 se trata?<\/strong><\/td><td><p>Es la visualizaci\u00f3n de un entorno real mediante im\u00e1genes panor\u00e1micas de 360 grados permitiendo mirar alrededor en todas las direcciones desde un punto de vista fijo, como si estuviera presente en el lugar.<\/p><p>Se enriquece con contenido multimedia superpuesto (<em>hotspots<\/em>), como textos, audios, fotos o v\u00eddeos, que proporcionan informaci\u00f3n contextual.<\/p><\/td><\/tr><tr><td><strong>Principales Caracter\u00edsticas<\/strong><\/td><td>Se basa en la <strong>observaci\u00f3n pasiva<\/strong> y el movimiento del punto de vista (rotaci\u00f3n de la cabeza). Permite la inmersi\u00f3n al rodear al usuario con el contenido visual y auditivo.<\/td><\/tr><\/tbody><\/table>\t\t\t\t\t\t<\/div>\n\t\t\t\t<\/div>\n\t\t\t\t\t<\/div>\n\t\t<\/div>\n\t\t\t\t\t\t\t<\/div>\n\t\t<\/section>\n\t\t\t\t<section class=\"elementor-section elementor-top-section elementor-element elementor-element-fd9ab81 elementor-section-boxed elementor-section-height-default elementor-section-height-default\" data-id=\"fd9ab81\" data-element_type=\"section\">\n\t\t\t\t\t\t<div class=\"elementor-container elementor-column-gap-default\">\n\t\t\t\t\t<div class=\"elementor-column elementor-col-100 elementor-top-column elementor-element elementor-element-26e4917\" data-id=\"26e4917\" data-element_type=\"column\">\n\t\t\t<div class=\"elementor-widget-wrap elementor-element-populated\">\n\t\t\t\t\t\t\t\t<div class=\"elementor-element elementor-element-9aab289 elementor-widget elementor-widget-heading\" data-id=\"9aab289\" data-element_type=\"widget\" data-widget_type=\"heading.default\">\n\t\t\t\t<div class=\"elementor-widget-container\">\n\t\t\t<h4 class=\"elementor-heading-title elementor-size-default\">Caminatas 3D<\/h4>\t\t<\/div>\n\t\t\t\t<\/div>\n\t\t\t\t\t<\/div>\n\t\t<\/div>\n\t\t\t\t\t\t\t<\/div>\n\t\t<\/section>\n\t\t\t\t<section class=\"elementor-section elementor-top-section elementor-element elementor-element-b8d5620 elementor-section-boxed elementor-section-height-default elementor-section-height-default\" data-id=\"b8d5620\" data-element_type=\"section\">\n\t\t\t\t\t\t<div class=\"elementor-container elementor-column-gap-default\">\n\t\t\t\t\t<div class=\"elementor-column elementor-col-100 elementor-top-column elementor-element elementor-element-f868ebb\" data-id=\"f868ebb\" data-element_type=\"column\">\n\t\t\t<div class=\"elementor-widget-wrap elementor-element-populated\">\n\t\t\t\t\t\t\t\t<div class=\"elementor-element elementor-element-3f60e27 elementor-widget elementor-widget-text-editor\" data-id=\"3f60e27\" data-element_type=\"widget\" data-widget_type=\"text-editor.default\">\n\t\t\t\t<div class=\"elementor-widget-container\">\n\t\t\t\t\t\t\t<p><img decoding=\"async\" loading=\"lazy\" class=\"alignnone size-large wp-image-4707\" src=\"https:\/\/dte.utalca.cl\/wp-content\/uploads\/2026\/01\/Image_fx_caminata3d-1024x576.jpg\" alt=\"Caminata 3D\" width=\"1024\" height=\"576\" srcset=\"https:\/\/dte.utalca.cl\/wp-content\/uploads\/2026\/01\/Image_fx_caminata3d-1024x576.jpg 1024w, https:\/\/dte.utalca.cl\/wp-content\/uploads\/2026\/01\/Image_fx_caminata3d-300x169.jpg 300w, https:\/\/dte.utalca.cl\/wp-content\/uploads\/2026\/01\/Image_fx_caminata3d-768x432.jpg 768w, https:\/\/dte.utalca.cl\/wp-content\/uploads\/2026\/01\/Image_fx_caminata3d-1000x563.jpg 1000w, https:\/\/dte.utalca.cl\/wp-content\/uploads\/2026\/01\/Image_fx_caminata3d-230x129.jpg 230w, https:\/\/dte.utalca.cl\/wp-content\/uploads\/2026\/01\/Image_fx_caminata3d-350x197.jpg 350w, https:\/\/dte.utalca.cl\/wp-content\/uploads\/2026\/01\/Image_fx_caminata3d-480x270.jpg 480w, https:\/\/dte.utalca.cl\/wp-content\/uploads\/2026\/01\/Image_fx_caminata3d.jpg 1365w\" sizes=\"(max-width: 1024px) 100vw, 1024px\" \/><\/p><table><tbody><tr><td width=\"161\"><p><strong>Criterio<\/strong><\/p><\/td><td width=\"567\"><p><strong>Contenido y Comentario<\/strong><\/p><\/td><\/tr><tr><td width=\"161\"><p><strong>\u00bfDe qu\u00e9 se trata?<\/strong><\/p><\/td><td width=\"567\"><p>Es un entorno virtual completo (VE) se explora un modelo tridimensional (3D) donde se puede caminar y explorar en un \u00a0espacio simulado libremente.<\/p><p>El entorno virtual y el modelo responde a un conjunto finito de acciones predefinas en tiempo real.<\/p><\/td><\/tr><tr><td width=\"161\"><p><strong>Principales Caracter\u00edsticas<\/strong><\/p><\/td><td width=\"567\"><p>Ofrece una <strong>alta inmersi\u00f3n<\/strong> y promueve el <strong>aprendizaje activo y la experimentaci\u00f3n<\/strong>. Requiere la navegaci\u00f3n del usuario caminando, teletransport\u00e1ndose o volando.<\/p><\/td><\/tr><\/tbody><\/table>\t\t\t\t\t\t<\/div>\n\t\t\t\t<\/div>\n\t\t\t\t\t<\/div>\n\t\t<\/div>\n\t\t\t\t\t\t\t<\/div>\n\t\t<\/section>\n\t\t\t\t<section class=\"elementor-section elementor-top-section elementor-element elementor-element-df46aec elementor-section-boxed elementor-section-height-default elementor-section-height-default\" data-id=\"df46aec\" data-element_type=\"section\">\n\t\t\t\t\t\t<div class=\"elementor-container elementor-column-gap-default\">\n\t\t\t\t\t<div class=\"elementor-column elementor-col-100 elementor-top-column elementor-element elementor-element-2b672df\" data-id=\"2b672df\" data-element_type=\"column\">\n\t\t\t<div class=\"elementor-widget-wrap elementor-element-populated\">\n\t\t\t\t\t\t\t\t<div class=\"elementor-element elementor-element-92a1047 elementor-widget elementor-widget-heading\" data-id=\"92a1047\" data-element_type=\"widget\" data-widget_type=\"heading.default\">\n\t\t\t\t<div class=\"elementor-widget-container\">\n\t\t\t<h4 class=\"elementor-heading-title elementor-size-default\">Experiencia virtual con Video 360<\/h4>\t\t<\/div>\n\t\t\t\t<\/div>\n\t\t\t\t\t<\/div>\n\t\t<\/div>\n\t\t\t\t\t\t\t<\/div>\n\t\t<\/section>\n\t\t\t\t<section class=\"elementor-section elementor-top-section elementor-element elementor-element-b789385 elementor-section-boxed elementor-section-height-default elementor-section-height-default\" data-id=\"b789385\" data-element_type=\"section\">\n\t\t\t\t\t\t<div class=\"elementor-container elementor-column-gap-default\">\n\t\t\t\t\t<div class=\"elementor-column elementor-col-100 elementor-top-column elementor-element elementor-element-93150cb\" data-id=\"93150cb\" data-element_type=\"column\">\n\t\t\t<div class=\"elementor-widget-wrap elementor-element-populated\">\n\t\t\t\t\t\t\t\t<div class=\"elementor-element elementor-element-c9ec944 elementor-widget elementor-widget-text-editor\" data-id=\"c9ec944\" data-element_type=\"widget\" data-widget_type=\"text-editor.default\">\n\t\t\t\t<div class=\"elementor-widget-container\">\n\t\t\t\t\t\t\t<p><img decoding=\"async\" loading=\"lazy\" class=\"alignnone size-large wp-image-4705\" src=\"https:\/\/dte.utalca.cl\/wp-content\/uploads\/2026\/01\/Image_fx_video-1024x576.jpg\" alt=\"Video 360\" width=\"1024\" height=\"576\" srcset=\"https:\/\/dte.utalca.cl\/wp-content\/uploads\/2026\/01\/Image_fx_video-1024x576.jpg 1024w, https:\/\/dte.utalca.cl\/wp-content\/uploads\/2026\/01\/Image_fx_video-300x169.jpg 300w, https:\/\/dte.utalca.cl\/wp-content\/uploads\/2026\/01\/Image_fx_video-768x432.jpg 768w, https:\/\/dte.utalca.cl\/wp-content\/uploads\/2026\/01\/Image_fx_video-1000x563.jpg 1000w, https:\/\/dte.utalca.cl\/wp-content\/uploads\/2026\/01\/Image_fx_video-230x129.jpg 230w, https:\/\/dte.utalca.cl\/wp-content\/uploads\/2026\/01\/Image_fx_video-350x197.jpg 350w, https:\/\/dte.utalca.cl\/wp-content\/uploads\/2026\/01\/Image_fx_video-480x270.jpg 480w, https:\/\/dte.utalca.cl\/wp-content\/uploads\/2026\/01\/Image_fx_video.jpg 1365w\" sizes=\"(max-width: 1024px) 100vw, 1024px\" \/><\/p><table><tbody><tr><td><p><strong>Criterio<\/strong><\/p><\/td><td><p><strong>Contenido y Comentario<\/strong><\/p><\/td><\/tr><tr><td><p><strong>\u00bfDe qu\u00e9 se trata?<\/strong><\/p><\/td><td><p>Es un contenido pregrabado con c\u00e1maras de 360 grados, que permite al usuario explorar visualmente todo el entorno grabado al rotar su punto de vista.<\/p><p>Tambi\u00e9n puede incluir elementos interactivos como archivos o fotos que se superponen a la grabaci\u00f3n.<\/p><\/td><\/tr><tr><td><p><strong>Principales Caracter\u00edsticas<\/strong><\/p><\/td><td><p>Combina la <strong>fidelidad del mundo real<\/strong> a trav\u00e9s de la grabaci\u00f3n con la <strong>interactividad<\/strong> digital. Permite que las pistas sonoras (<strong>audio espacial<\/strong>) se utilicen para guiar la atenci\u00f3n visual del usuario hacia los puntos de aprendizaje relevantes.<\/p><\/td><\/tr><\/tbody><\/table>\t\t\t\t\t\t<\/div>\n\t\t\t\t<\/div>\n\t\t\t\t\t<\/div>\n\t\t<\/div>\n\t\t\t\t\t\t\t<\/div>\n\t\t<\/section>\n\t\t\t\t<section class=\"elementor-section elementor-top-section elementor-element elementor-element-5e626be elementor-section-boxed elementor-section-height-default elementor-section-height-default\" data-id=\"5e626be\" data-element_type=\"section\">\n\t\t\t\t\t\t<div class=\"elementor-container elementor-column-gap-default\">\n\t\t\t\t\t<div class=\"elementor-column elementor-col-100 elementor-top-column elementor-element elementor-element-209bcdd\" data-id=\"209bcdd\" data-element_type=\"column\">\n\t\t\t<div class=\"elementor-widget-wrap elementor-element-populated\">\n\t\t\t\t\t\t\t\t<div class=\"elementor-element elementor-element-e21c92d elementor-widget elementor-widget-text-editor\" data-id=\"e21c92d\" data-element_type=\"widget\" data-widget_type=\"text-editor.default\">\n\t\t\t\t<div class=\"elementor-widget-container\">\n\t\t\t\t\t\t\t<p>\u00a0<\/p><p>Esperamos poder contar con muchos m\u00e1s recursos tecnol\u00f3gicos y experiencias virtuales disponibles para la comunidad acad\u00e9mica. Estas tecnolog\u00edas, basadas en la Realidad Virtual, representan oportunidades concretas para enriquecer la ense\u00f1anza, fomentar el aprendizaje activo y explorar nuevas formas de participaci\u00f3n estudiantil.<\/p><p>Desde la Direcci\u00f3n de Tecnolog\u00edas Educativas, les invitamos a escribirnos para compartir sus desaf\u00edos, ideas o iniciativas. Queremos acompa\u00f1arlos en el dise\u00f1o y puesta en marcha de soluciones innovadoras, fortaleciendo juntos el uso de la tecnolog\u00eda educativa (edTech).<\/p>\t\t\t\t\t\t<\/div>\n\t\t\t\t<\/div>\n\t\t\t\t\t<\/div>\n\t\t<\/div>\n\t\t\t\t\t\t\t<\/div>\n\t\t<\/section>\n\t\t\t\t\t\t\t<\/div>\n\t\t","protected":false},"excerpt":{"rendered":"<p>Experiencias virtuales Una Experiencia Virtual se refiere a la interacci\u00f3n con un Entorno Virtual (VE), que es un sistema que permite a [&hellip;]<\/p>\n","protected":false},"author":4,"featured_media":0,"parent":1437,"menu_order":0,"comment_status":"closed","ping_status":"closed","template":"elementor_header_footer","meta":[],"_links":{"self":[{"href":"https:\/\/dte.utalca.cl\/index.php\/wp-json\/wp\/v2\/pages\/4589"}],"collection":[{"href":"https:\/\/dte.utalca.cl\/index.php\/wp-json\/wp\/v2\/pages"}],"about":[{"href":"https:\/\/dte.utalca.cl\/index.php\/wp-json\/wp\/v2\/types\/page"}],"author":[{"embeddable":true,"href":"https:\/\/dte.utalca.cl\/index.php\/wp-json\/wp\/v2\/users\/4"}],"replies":[{"embeddable":true,"href":"https:\/\/dte.utalca.cl\/index.php\/wp-json\/wp\/v2\/comments?post=4589"}],"version-history":[{"count":20,"href":"https:\/\/dte.utalca.cl\/index.php\/wp-json\/wp\/v2\/pages\/4589\/revisions"}],"predecessor-version":[{"id":4765,"href":"https:\/\/dte.utalca.cl\/index.php\/wp-json\/wp\/v2\/pages\/4589\/revisions\/4765"}],"up":[{"embeddable":true,"href":"https:\/\/dte.utalca.cl\/index.php\/wp-json\/wp\/v2\/pages\/1437"}],"wp:attachment":[{"href":"https:\/\/dte.utalca.cl\/index.php\/wp-json\/wp\/v2\/media?parent=4589"}],"curies":[{"name":"wp","href":"https:\/\/api.w.org\/{rel}","templated":true}]}}