{"id":2663,"date":"2024-09-25T18:43:26","date_gmt":"2024-09-25T18:43:26","guid":{"rendered":"https:\/\/www.campusvirtual.utalca.cl\/?page_id=2663"},"modified":"2024-10-15T13:08:15","modified_gmt":"2024-10-15T13:08:15","slug":"asistencia","status":"publish","type":"page","link":"https:\/\/dte.utalca.cl\/index.php\/asistencia\/","title":{"rendered":"ASISTENCIA"},"content":{"rendered":"\t\t<div data-elementor-type=\"wp-page\" data-elementor-id=\"2663\" class=\"elementor elementor-2663\">\n\t\t\t\t\t\t\t\t\t<section class=\"elementor-section elementor-top-section elementor-element elementor-element-41bb716 elementor-section-full_width elementor-section-height-default elementor-section-height-default\" data-id=\"41bb716\" data-element_type=\"section\">\n\t\t\t\t\t\t<div class=\"elementor-container elementor-column-gap-default\">\n\t\t\t\t\t<div class=\"elementor-column elementor-col-100 elementor-top-column elementor-element elementor-element-e7f9d8f\" data-id=\"e7f9d8f\" data-element_type=\"column\">\n\t\t\t<div class=\"elementor-widget-wrap elementor-element-populated\">\n\t\t\t\t\t\t\t\t<div class=\"elementor-element elementor-element-7f955ac elementor-widget elementor-widget-text-editor\" data-id=\"7f955ac\" data-element_type=\"widget\" data-widget_type=\"text-editor.default\">\n\t\t\t\t<div class=\"elementor-widget-container\">\n\t\t\t<style>\/*! elementor - v3.8.1 - 13-11-2022 *\/\n.elementor-widget-text-editor.elementor-drop-cap-view-stacked .elementor-drop-cap{background-color:#818a91;color:#fff}.elementor-widget-text-editor.elementor-drop-cap-view-framed .elementor-drop-cap{color:#818a91;border:3px solid;background-color:transparent}.elementor-widget-text-editor:not(.elementor-drop-cap-view-default) .elementor-drop-cap{margin-top:8px}.elementor-widget-text-editor:not(.elementor-drop-cap-view-default) .elementor-drop-cap-letter{width:1em;height:1em}.elementor-widget-text-editor .elementor-drop-cap{float:left;text-align:center;line-height:1;font-size:50px}.elementor-widget-text-editor .elementor-drop-cap-letter{display:inline-block}<\/style>\t\t\t\t<p><span style=\"font-size: 15px;\">La AppTUI sigue evolucionando con nuevas funcionalidades pensadas para facilitar la vida universitaria. Actualmente, nos encontramos en\u00a0fase de pilotaje del &#8220;Widget registro de Asistencia&#8221;, una herramienta que permitir\u00e1 a docentes y estudiantes gestionar la asistencia de manera \u00e1gil y transparente directamente desde sus dispositivos m\u00f3viles.<\/span><\/p><p><span style=\"font-size: 15px;\">Este sistema est\u00e1 dise\u00f1ado para que los\u00a0docentes puedan emitir un c\u00f3digo de asistencia \u00fanico, que los estudiantes deber\u00e1n ingresar en la aplicaci\u00f3n para marcar su asistencia. Esto permitir\u00e1 tener el registro hist\u00f3rico de las asistencias a cada clase.<\/span><\/p><p><span style=\"font-size: 15px;\"><strong>Invitaci\u00f3n a Docentes y Estudiantes Utalinos<\/strong><\/span><\/p><p><span style=\"font-size: 15px;\">Durante esta fase de prueba, invitamos a\u00a0docentes y\u00a0estudiantes a participar activamente, brind\u00e1ndonos su retroalimentaci\u00f3n para mejorar la funcionalidad y adaptarla a sus necesidades. Esta es una excelente oportunidad para contribuir al desarrollo de una herramienta que busca optimizar la experiencia educativa.<\/span><\/p><p><span style=\"font-size: 15px;\">\u00a1Tu participaci\u00f3n es clave para el \u00e9xito de esta nueva funci\u00f3n! Te invitamos a comentarle a tus docentes o estudiantes para que descarguen o actualicen la AppTUI y comenzar a utilizar el registro de asistencia.<\/span><\/p><p><span style=\"font-size: 15px;\"><strong>Si quieres participar de este piloto escr\u00edbenos por medio del &#8220;Widget Contacto&#8221; de la AppTUI\u00a0 o directamente en el correo soporteapptui@utalca.cl<\/strong><\/span><\/p>\t\t\t\t\t\t<\/div>\n\t\t\t\t<\/div>\n\t\t\t\t\t<\/div>\n\t\t<\/div>\n\t\t\t\t\t\t\t<\/div>\n\t\t<\/section>\n\t\t\t\t\t\t\t<\/div>\n\t\t","protected":false},"excerpt":{"rendered":"<p>La AppTUI sigue evolucionando con nuevas funcionalidades pensadas para facilitar la vida universitaria. Actualmente, nos encontramos en\u00a0fase de pilotaje del &#8220;Widget registro [&hellip;]<\/p>\n","protected":false},"author":4,"featured_media":0,"parent":0,"menu_order":0,"comment_status":"closed","ping_status":"closed","template":"elementor_header_footer","meta":[],"_links":{"self":[{"href":"https:\/\/dte.utalca.cl\/index.php\/wp-json\/wp\/v2\/pages\/2663"}],"collection":[{"href":"https:\/\/dte.utalca.cl\/index.php\/wp-json\/wp\/v2\/pages"}],"about":[{"href":"https:\/\/dte.utalca.cl\/index.php\/wp-json\/wp\/v2\/types\/page"}],"author":[{"embeddable":true,"href":"https:\/\/dte.utalca.cl\/index.php\/wp-json\/wp\/v2\/users\/4"}],"replies":[{"embeddable":true,"href":"https:\/\/dte.utalca.cl\/index.php\/wp-json\/wp\/v2\/comments?post=2663"}],"version-history":[{"count":32,"href":"https:\/\/dte.utalca.cl\/index.php\/wp-json\/wp\/v2\/pages\/2663\/revisions"}],"predecessor-version":[{"id":3985,"href":"https:\/\/dte.utalca.cl\/index.php\/wp-json\/wp\/v2\/pages\/2663\/revisions\/3985"}],"wp:attachment":[{"href":"https:\/\/dte.utalca.cl\/index.php\/wp-json\/wp\/v2\/media?parent=2663"}],"curies":[{"name":"wp","href":"https:\/\/api.w.org\/{rel}","templated":true}]}}