{"id":1986,"date":"2024-09-13T13:47:41","date_gmt":"2024-09-13T13:47:41","guid":{"rendered":"https:\/\/www.campusvirtual.utalca.cl\/?page_id=1986"},"modified":"2026-04-14T20:47:30","modified_gmt":"2026-04-14T20:47:30","slug":"educandus","status":"publish","type":"page","link":"https:\/\/dte.utalca.cl\/index.php\/educandus\/","title":{"rendered":"EDUCANDUS"},"content":{"rendered":"\t\t<div data-elementor-type=\"wp-page\" data-elementor-id=\"1986\" class=\"elementor elementor-1986\">\n\t\t\t\t\t\t\t\t\t<section class=\"elementor-section elementor-top-section elementor-element elementor-element-d8c6eeb elementor-section-boxed elementor-section-height-default elementor-section-height-default\" data-id=\"d8c6eeb\" data-element_type=\"section\">\n\t\t\t\t\t\t<div class=\"elementor-container elementor-column-gap-default\">\n\t\t\t\t\t<div class=\"elementor-column elementor-col-100 elementor-top-column elementor-element elementor-element-ca729db\" data-id=\"ca729db\" data-element_type=\"column\">\n\t\t\t<div class=\"elementor-widget-wrap elementor-element-populated\">\n\t\t\t\t\t\t\t\t<div class=\"elementor-element elementor-element-57e73d4 elementor-widget__width-inherit elementor-invisible elementor-widget elementor-widget-image\" data-id=\"57e73d4\" data-element_type=\"widget\" data-settings=\"{&quot;_animation&quot;:&quot;fadeInDown&quot;}\" data-widget_type=\"image.default\">\n\t\t\t\t<div class=\"elementor-widget-container\">\n\t\t\t<style>\/*! elementor - v3.8.1 - 13-11-2022 *\/\n.elementor-widget-image{text-align:center}.elementor-widget-image a{display:inline-block}.elementor-widget-image a img[src$=\".svg\"]{width:48px}.elementor-widget-image img{vertical-align:middle;display:inline-block}<\/style>\t\t\t\t\t\t\t\t\t\t\t\t<img decoding=\"async\" width=\"480\" height=\"146\" src=\"https:\/\/dte.utalca.cl\/wp-content\/uploads\/2024\/10\/222-480x146.png\" class=\"attachment-sydney-mas-thumb size-sydney-mas-thumb\" alt=\"\" loading=\"lazy\" srcset=\"https:\/\/dte.utalca.cl\/wp-content\/uploads\/2024\/10\/222-480x146.png 480w, https:\/\/dte.utalca.cl\/wp-content\/uploads\/2024\/10\/222-300x91.png 300w, https:\/\/dte.utalca.cl\/wp-content\/uploads\/2024\/10\/222-1024x311.png 1024w, https:\/\/dte.utalca.cl\/wp-content\/uploads\/2024\/10\/222-768x234.png 768w, https:\/\/dte.utalca.cl\/wp-content\/uploads\/2024\/10\/222-1000x304.png 1000w, https:\/\/dte.utalca.cl\/wp-content\/uploads\/2024\/10\/222-230x70.png 230w, https:\/\/dte.utalca.cl\/wp-content\/uploads\/2024\/10\/222-350x106.png 350w, https:\/\/dte.utalca.cl\/wp-content\/uploads\/2024\/10\/222.png 1315w\" sizes=\"(max-width: 480px) 100vw, 480px\" \/>\t\t\t\t\t\t\t\t\t\t\t\t\t\t\t<\/div>\n\t\t\t\t<\/div>\n\t\t\t\t\t<\/div>\n\t\t<\/div>\n\t\t\t\t\t\t\t<\/div>\n\t\t<\/section>\n\t\t\t\t<section class=\"elementor-section elementor-top-section elementor-element elementor-element-e5c64a4 elementor-section-boxed elementor-section-height-default elementor-section-height-default\" data-id=\"e5c64a4\" data-element_type=\"section\">\n\t\t\t\t\t\t<div class=\"elementor-container elementor-column-gap-default\">\n\t\t\t\t\t<div class=\"elementor-column elementor-col-100 elementor-top-column elementor-element elementor-element-33a3434\" data-id=\"33a3434\" data-element_type=\"column\">\n\t\t\t<div class=\"elementor-widget-wrap elementor-element-populated\">\n\t\t\t\t\t\t\t\t<div class=\"elementor-element elementor-element-b2fd393 elementor-widget elementor-widget-text-editor\" data-id=\"b2fd393\" data-element_type=\"widget\" data-widget_type=\"text-editor.default\">\n\t\t\t\t<div class=\"elementor-widget-container\">\n\t\t\t<style>\/*! elementor - v3.8.1 - 13-11-2022 *\/\n.elementor-widget-text-editor.elementor-drop-cap-view-stacked .elementor-drop-cap{background-color:#818a91;color:#fff}.elementor-widget-text-editor.elementor-drop-cap-view-framed .elementor-drop-cap{color:#818a91;border:3px solid;background-color:transparent}.elementor-widget-text-editor:not(.elementor-drop-cap-view-default) .elementor-drop-cap{margin-top:8px}.elementor-widget-text-editor:not(.elementor-drop-cap-view-default) .elementor-drop-cap-letter{width:1em;height:1em}.elementor-widget-text-editor .elementor-drop-cap{float:left;text-align:center;line-height:1;font-size:50px}.elementor-widget-text-editor .elementor-drop-cap-letter{display:inline-block}<\/style>\t\t\t\t<p><span style=\"font-size: 15px;\">Las plataformas Educandus de la Universidad de Talca son sistemas digitales integrales dise\u00f1ados para facilitar la gesti\u00f3n y desarrollo de procesos de ense\u00f1anza y aprendizaje en entornos virtuales. A trav\u00e9s de estas plataformas, tanto docentes como estudiantes pueden interactuar en cursos online, acceder a materiales educativos, realizar actividades evaluativas, participar en foros de discusi\u00f3n, entre otras actividades. Educandus, utiliza como base el sistema de gesti\u00f3n del aprendizaje de c\u00f3digo abierto Moodle, orientado a potenciar la educaci\u00f3n a distancia, ofreciendo herramientas que mejoran la experiencia educativa mediante la automatizaci\u00f3n y optimizaci\u00f3n de tareas acad\u00e9micas y administrativas.<\/span><\/p><p><span style=\"font-size: 15px;\">La Direcci\u00f3n de Tecnolog\u00edas Educativas, a trav\u00e9s de la Unidad LMS &#8211; Educandus administra las plataformas Educandus de Pregrado, Postgrado, Educaci\u00f3n Continua y Comunidades Educativas.<\/span><\/p>\t\t\t\t\t\t<\/div>\n\t\t\t\t<\/div>\n\t\t\t\t\t<\/div>\n\t\t<\/div>\n\t\t\t\t\t\t\t<\/div>\n\t\t<\/section>\n\t\t\t\t<section class=\"elementor-section elementor-top-section elementor-element elementor-element-5c7329e elementor-section-boxed elementor-section-height-default elementor-section-height-default\" data-id=\"5c7329e\" data-element_type=\"section\">\n\t\t\t\t\t\t<div class=\"elementor-container elementor-column-gap-default\">\n\t\t\t\t\t<div class=\"elementor-column elementor-col-100 elementor-top-column elementor-element elementor-element-3888fb0\" data-id=\"3888fb0\" data-element_type=\"column\">\n\t\t\t<div class=\"elementor-widget-wrap elementor-element-populated\">\n\t\t\t\t\t\t\t\t<div class=\"elementor-element elementor-element-9a9979d elementor-widget elementor-widget-spacer\" data-id=\"9a9979d\" data-element_type=\"widget\" data-widget_type=\"spacer.default\">\n\t\t\t\t<div class=\"elementor-widget-container\">\n\t\t\t<style>\/*! elementor - v3.8.1 - 13-11-2022 *\/\n.elementor-column .elementor-spacer-inner{height:var(--spacer-size)}.e-con{--container-widget-width:100%}.e-con-inner>.elementor-widget-spacer,.e-con>.elementor-widget-spacer{width:var(--container-widget-width,var(--spacer-size));-ms-flex-item-align:stretch;align-self:stretch;-ms-flex-negative:0;flex-shrink:0}.e-con-inner>.elementor-widget-spacer>.elementor-widget-container,.e-con-inner>.elementor-widget-spacer>.elementor-widget-container>.elementor-spacer,.e-con>.elementor-widget-spacer>.elementor-widget-container,.e-con>.elementor-widget-spacer>.elementor-widget-container>.elementor-spacer{height:100%}.e-con-inner>.elementor-widget-spacer>.elementor-widget-container>.elementor-spacer>.elementor-spacer-inner,.e-con>.elementor-widget-spacer>.elementor-widget-container>.elementor-spacer>.elementor-spacer-inner{height:var(--container-widget-height,var(--spacer-size))}<\/style>\t\t<div class=\"elementor-spacer\">\n\t\t\t<div class=\"elementor-spacer-inner\"><\/div>\n\t\t<\/div>\n\t\t\t\t<\/div>\n\t\t\t\t<\/div>\n\t\t\t\t\t<\/div>\n\t\t<\/div>\n\t\t\t\t\t\t\t<\/div>\n\t\t<\/section>\n\t\t\t\t<section class=\"elementor-section elementor-top-section elementor-element elementor-element-d132faf elementor-section-height-min-height elementor-section-boxed elementor-section-height-default elementor-section-items-middle\" data-id=\"d132faf\" data-element_type=\"section\" data-settings=\"{&quot;background_background&quot;:&quot;slideshow&quot;,&quot;background_slideshow_gallery&quot;:[{&quot;id&quot;:3911,&quot;url&quot;:&quot;https:\\\/\\\/dte.utalca.cl\\\/wp-content\\\/uploads\\\/2024\\\/10\\\/1chao-scaled.jpg&quot;}],&quot;shape_divider_top&quot;:&quot;opacity-fan&quot;,&quot;background_slideshow_loop&quot;:&quot;yes&quot;,&quot;background_slideshow_slide_duration&quot;:5000,&quot;background_slideshow_slide_transition&quot;:&quot;fade&quot;,&quot;background_slideshow_transition_duration&quot;:500}\">\n\t\t\t\t\t<div class=\"elementor-shape elementor-shape-top\" data-negative=\"false\">\n\t\t\t<svg xmlns=\"http:\/\/www.w3.org\/2000\/svg\" viewBox=\"0 0 283.5 19.6\" preserveAspectRatio=\"none\">\n\t<path class=\"elementor-shape-fill\" style=\"opacity:0.33\" d=\"M0 0L0 18.8 141.8 4.1 283.5 18.8 283.5 0z\"\/>\n\t<path class=\"elementor-shape-fill\" style=\"opacity:0.33\" d=\"M0 0L0 12.6 141.8 4 283.5 12.6 283.5 0z\"\/>\n\t<path class=\"elementor-shape-fill\" style=\"opacity:0.33\" d=\"M0 0L0 6.4 141.8 4 283.5 6.4 283.5 0z\"\/>\n\t<path class=\"elementor-shape-fill\" d=\"M0 0L0 1.2 141.8 4 283.5 1.2 283.5 0z\"\/>\n<\/svg>\t\t<\/div>\n\t\t\t\t\t<div class=\"elementor-container elementor-column-gap-default\">\n\t\t\t\t\t<div class=\"elementor-column elementor-col-100 elementor-top-column elementor-element elementor-element-fa4b136\" data-id=\"fa4b136\" data-element_type=\"column\">\n\t\t\t<div class=\"elementor-widget-wrap elementor-element-populated\">\n\t\t\t\t\t\t\t\t<section class=\"elementor-section elementor-inner-section elementor-element elementor-element-ea0a7ca elementor-section-boxed elementor-section-height-default elementor-section-height-default elementor-invisible\" data-id=\"ea0a7ca\" data-element_type=\"section\" data-settings=\"{&quot;animation&quot;:&quot;fadeInUp&quot;}\">\n\t\t\t\t\t\t<div class=\"elementor-container elementor-column-gap-default\">\n\t\t\t\t\t<div class=\"elementor-column elementor-col-25 elementor-inner-column elementor-element elementor-element-6cd39e8\" data-id=\"6cd39e8\" data-element_type=\"column\">\n\t\t\t<div class=\"elementor-widget-wrap elementor-element-populated\">\n\t\t\t\t\t\t\t\t<div class=\"elementor-element elementor-element-ad8e812 elementor-widget elementor-widget-image\" data-id=\"ad8e812\" data-element_type=\"widget\" data-widget_type=\"image.default\">\n\t\t\t\t<div class=\"elementor-widget-container\">\n\t\t\t\t\t\t\t\t\t\t\t\t\t\t\t\t<a href=\"https:\/\/lms.educandus.cl\/login\/index.php\">\n\t\t\t\t\t\t\t<img decoding=\"async\" width=\"841\" height=\"172\" src=\"https:\/\/dte.utalca.cl\/wp-content\/uploads\/2025\/05\/Pregrado-1.jpg\" class=\"elementor-animation-grow attachment-large size-large\" alt=\"\" loading=\"lazy\" srcset=\"https:\/\/dte.utalca.cl\/wp-content\/uploads\/2025\/05\/Pregrado-1.jpg 841w, https:\/\/dte.utalca.cl\/wp-content\/uploads\/2025\/05\/Pregrado-1-300x61.jpg 300w, https:\/\/dte.utalca.cl\/wp-content\/uploads\/2025\/05\/Pregrado-1-768x157.jpg 768w, https:\/\/dte.utalca.cl\/wp-content\/uploads\/2025\/05\/Pregrado-1-230x47.jpg 230w, https:\/\/dte.utalca.cl\/wp-content\/uploads\/2025\/05\/Pregrado-1-350x72.jpg 350w, https:\/\/dte.utalca.cl\/wp-content\/uploads\/2025\/05\/Pregrado-1-480x98.jpg 480w\" sizes=\"(max-width: 841px) 100vw, 841px\" \/>\t\t\t\t\t\t\t\t<\/a>\n\t\t\t\t\t\t\t\t\t\t\t\t\t\t\t<\/div>\n\t\t\t\t<\/div>\n\t\t\t\t\t<\/div>\n\t\t<\/div>\n\t\t\t\t<div class=\"elementor-column elementor-col-25 elementor-inner-column elementor-element elementor-element-4c1c30f\" data-id=\"4c1c30f\" data-element_type=\"column\">\n\t\t\t<div class=\"elementor-widget-wrap elementor-element-populated\">\n\t\t\t\t\t\t\t\t<div class=\"elementor-element elementor-element-e489718 elementor-widget elementor-widget-image\" data-id=\"e489718\" data-element_type=\"widget\" data-widget_type=\"image.default\">\n\t\t\t\t<div class=\"elementor-widget-container\">\n\t\t\t\t\t\t\t\t\t\t\t\t\t\t\t\t<a href=\"https:\/\/postgrados.educandus.cl\/login\/index.php\">\n\t\t\t\t\t\t\t<img decoding=\"async\" width=\"841\" height=\"172\" src=\"https:\/\/dte.utalca.cl\/wp-content\/uploads\/2025\/05\/Postgrado.jpg\" class=\"elementor-animation-grow attachment-large size-large\" alt=\"\" loading=\"lazy\" srcset=\"https:\/\/dte.utalca.cl\/wp-content\/uploads\/2025\/05\/Postgrado.jpg 841w, https:\/\/dte.utalca.cl\/wp-content\/uploads\/2025\/05\/Postgrado-300x61.jpg 300w, https:\/\/dte.utalca.cl\/wp-content\/uploads\/2025\/05\/Postgrado-768x157.jpg 768w, https:\/\/dte.utalca.cl\/wp-content\/uploads\/2025\/05\/Postgrado-230x47.jpg 230w, https:\/\/dte.utalca.cl\/wp-content\/uploads\/2025\/05\/Postgrado-350x72.jpg 350w, https:\/\/dte.utalca.cl\/wp-content\/uploads\/2025\/05\/Postgrado-480x98.jpg 480w\" sizes=\"(max-width: 841px) 100vw, 841px\" \/>\t\t\t\t\t\t\t\t<\/a>\n\t\t\t\t\t\t\t\t\t\t\t\t\t\t\t<\/div>\n\t\t\t\t<\/div>\n\t\t\t\t\t<\/div>\n\t\t<\/div>\n\t\t\t\t<div class=\"elementor-column elementor-col-25 elementor-inner-column elementor-element elementor-element-de4c9db\" data-id=\"de4c9db\" data-element_type=\"column\">\n\t\t\t<div class=\"elementor-widget-wrap elementor-element-populated\">\n\t\t\t\t\t\t\t\t<div class=\"elementor-element elementor-element-8856a16 elementor-widget elementor-widget-image\" data-id=\"8856a16\" data-element_type=\"widget\" data-widget_type=\"image.default\">\n\t\t\t\t<div class=\"elementor-widget-container\">\n\t\t\t\t\t\t\t\t\t\t\t\t\t\t\t\t<a href=\"https:\/\/educacioncontinua.educandus.cl\/\">\n\t\t\t\t\t\t\t<img decoding=\"async\" width=\"841\" height=\"172\" src=\"https:\/\/dte.utalca.cl\/wp-content\/uploads\/2025\/05\/Educacion-Continua.jpg\" class=\"elementor-animation-grow attachment-large size-large\" alt=\"\" loading=\"lazy\" srcset=\"https:\/\/dte.utalca.cl\/wp-content\/uploads\/2025\/05\/Educacion-Continua.jpg 841w, https:\/\/dte.utalca.cl\/wp-content\/uploads\/2025\/05\/Educacion-Continua-300x61.jpg 300w, https:\/\/dte.utalca.cl\/wp-content\/uploads\/2025\/05\/Educacion-Continua-768x157.jpg 768w, https:\/\/dte.utalca.cl\/wp-content\/uploads\/2025\/05\/Educacion-Continua-230x47.jpg 230w, https:\/\/dte.utalca.cl\/wp-content\/uploads\/2025\/05\/Educacion-Continua-350x72.jpg 350w, https:\/\/dte.utalca.cl\/wp-content\/uploads\/2025\/05\/Educacion-Continua-480x98.jpg 480w\" sizes=\"(max-width: 841px) 100vw, 841px\" \/>\t\t\t\t\t\t\t\t<\/a>\n\t\t\t\t\t\t\t\t\t\t\t\t\t\t\t<\/div>\n\t\t\t\t<\/div>\n\t\t\t\t\t<\/div>\n\t\t<\/div>\n\t\t\t\t<div class=\"elementor-column elementor-col-25 elementor-inner-column elementor-element elementor-element-ceb1804\" data-id=\"ceb1804\" data-element_type=\"column\">\n\t\t\t<div class=\"elementor-widget-wrap elementor-element-populated\">\n\t\t\t\t\t\t\t\t<div class=\"elementor-element elementor-element-7ad5e56 elementor-widget elementor-widget-image\" data-id=\"7ad5e56\" data-element_type=\"widget\" data-widget_type=\"image.default\">\n\t\t\t\t<div class=\"elementor-widget-container\">\n\t\t\t\t\t\t\t\t\t\t\t\t\t\t\t\t<a href=\"https:\/\/comunidadeseducativas.educandus.cl\">\n\t\t\t\t\t\t\t<img decoding=\"async\" width=\"841\" height=\"172\" src=\"https:\/\/dte.utalca.cl\/wp-content\/uploads\/2026\/04\/comunidades_educativas.jpg\" class=\"elementor-animation-grow attachment-large size-large\" alt=\"\" loading=\"lazy\" srcset=\"https:\/\/dte.utalca.cl\/wp-content\/uploads\/2026\/04\/comunidades_educativas.jpg 841w, https:\/\/dte.utalca.cl\/wp-content\/uploads\/2026\/04\/comunidades_educativas-300x61.jpg 300w, https:\/\/dte.utalca.cl\/wp-content\/uploads\/2026\/04\/comunidades_educativas-768x157.jpg 768w, https:\/\/dte.utalca.cl\/wp-content\/uploads\/2026\/04\/comunidades_educativas-230x47.jpg 230w, https:\/\/dte.utalca.cl\/wp-content\/uploads\/2026\/04\/comunidades_educativas-350x72.jpg 350w, https:\/\/dte.utalca.cl\/wp-content\/uploads\/2026\/04\/comunidades_educativas-480x98.jpg 480w\" sizes=\"(max-width: 841px) 100vw, 841px\" \/>\t\t\t\t\t\t\t\t<\/a>\n\t\t\t\t\t\t\t\t\t\t\t\t\t\t\t<\/div>\n\t\t\t\t<\/div>\n\t\t\t\t\t<\/div>\n\t\t<\/div>\n\t\t\t\t\t\t\t<\/div>\n\t\t<\/section>\n\t\t\t\t\t<\/div>\n\t\t<\/div>\n\t\t\t\t\t\t\t<\/div>\n\t\t<\/section>\n\t\t\t\t\t\t\t<\/div>\n\t\t","protected":false},"excerpt":{"rendered":"<p>Las plataformas Educandus de la Universidad de Talca son sistemas digitales integrales dise\u00f1ados para facilitar la gesti\u00f3n y desarrollo de procesos de [&hellip;]<\/p>\n","protected":false},"author":4,"featured_media":0,"parent":0,"menu_order":0,"comment_status":"closed","ping_status":"closed","template":"page-templates\/page_front-page.php","meta":[],"_links":{"self":[{"href":"https:\/\/dte.utalca.cl\/index.php\/wp-json\/wp\/v2\/pages\/1986"}],"collection":[{"href":"https:\/\/dte.utalca.cl\/index.php\/wp-json\/wp\/v2\/pages"}],"about":[{"href":"https:\/\/dte.utalca.cl\/index.php\/wp-json\/wp\/v2\/types\/page"}],"author":[{"embeddable":true,"href":"https:\/\/dte.utalca.cl\/index.php\/wp-json\/wp\/v2\/users\/4"}],"replies":[{"embeddable":true,"href":"https:\/\/dte.utalca.cl\/index.php\/wp-json\/wp\/v2\/comments?post=1986"}],"version-history":[{"count":297,"href":"https:\/\/dte.utalca.cl\/index.php\/wp-json\/wp\/v2\/pages\/1986\/revisions"}],"predecessor-version":[{"id":4884,"href":"https:\/\/dte.utalca.cl\/index.php\/wp-json\/wp\/v2\/pages\/1986\/revisions\/4884"}],"wp:attachment":[{"href":"https:\/\/dte.utalca.cl\/index.php\/wp-json\/wp\/v2\/media?parent=1986"}],"curies":[{"name":"wp","href":"https:\/\/api.w.org\/{rel}","templated":true}]}}